{"id":273,"date":"2024-04-20T03:31:33","date_gmt":"2024-04-20T00:31:33","guid":{"rendered":"https:\/\/taylangun.com\/?page_id=273"},"modified":"2024-04-25T21:21:34","modified_gmt":"2024-04-25T18:21:34","slug":"yasal-bilgilendirme","status":"publish","type":"page","link":"https:\/\/taylangun.com\/en\/yasal-bilgilendirme\/","title":{"rendered":"Legal Information"},"content":{"rendered":"<div data-elementor-type=\"wp-page\" data-elementor-id=\"273\" class=\"elementor elementor-273\" data-elementor-post-type=\"page\">\n\t\t\t\t\t\t<section class=\"elementor-section elementor-top-section elementor-element elementor-element-d3897a8 elementor-section-boxed elementor-section-height-default elementor-section-height-default\" data-id=\"d3897a8\" data-element_type=\"section\" data-settings=\"{&quot;background_background&quot;:&quot;classic&quot;}\">\n\t\t\t\t\t\t<div class=\"elementor-container elementor-column-gap-default\">\n\t\t\t\t\t<div class=\"elementor-column elementor-col-100 elementor-top-column elementor-element elementor-element-a8c1664\" data-id=\"a8c1664\" data-element_type=\"column\">\n\t\t\t<div class=\"elementor-widget-wrap elementor-element-populated\">\n\t\t\t\t\t\t<div class=\"elementor-element elementor-element-72e2541 elementor-invisible elementor-widget elementor-widget-heading\" data-id=\"72e2541\" data-element_type=\"widget\" data-settings=\"{&quot;_animation&quot;:&quot;fadeInUp&quot;}\" data-widget_type=\"heading.default\">\n\t\t\t\t<div class=\"elementor-widget-container\">\n\t\t\t\t\t<h1 class=\"elementor-heading-title elementor-size-default\">Legal Information<\/h1>\t\t\t\t<\/div>\n\t\t\t\t<\/div>\n\t\t\t\t\t<\/div>\n\t\t<\/div>\n\t\t\t\t\t<\/div>\n\t\t<\/section>\n\t\t\t\t<section class=\"elementor-section elementor-top-section elementor-element elementor-element-e7b45e7 elementor-section-boxed elementor-section-height-default elementor-section-height-default\" data-id=\"e7b45e7\" data-element_type=\"section\">\n\t\t\t\t\t\t<div class=\"elementor-container elementor-column-gap-default\">\n\t\t\t\t\t<div class=\"elementor-column elementor-col-100 elementor-top-column elementor-element elementor-element-48761a0\" data-id=\"48761a0\" data-element_type=\"column\">\n\t\t\t<div class=\"elementor-widget-wrap elementor-element-populated\">\n\t\t\t\t\t\t<div class=\"elementor-element elementor-element-bf6392e elementor-widget elementor-widget-text-editor\" data-id=\"bf6392e\" data-element_type=\"widget\" data-widget_type=\"text-editor.default\">\n\t\t\t\t<div class=\"elementor-widget-container\">\n\t\t\t\t\t\t\t\t\t<p><strong>K\u0130\u015e\u0130SEL VER\u0130LER\u0130N \u0130\u015eLENMES\u0130 AYDINLATMA METN\u0130<\/strong><\/p>\n<p><strong>VER\u0130 SORUMLUSUNUN K\u0130ML\u0130\u011e\u0130<\/strong><\/p>\n<p>6698 say\u0131l\u0131 Ki\u015fisel Verilerin Korunmas\u0131 Kanunu\u2019nu (\u201cKVK Kanunu\u201d) uyar\u0131nca, \u201cVeri Sorumlusu\u201d s\u0131fat\u0131na sahip Dr. Taylan G\u00fcn&nbsp; (\u201cKlinik\u201d) taraf\u0131ndan ki\u015fisel verileriniz, a\u015fa\u011f\u0131da a\u00e7\u0131klanan kapsamda i\u015flenebilecektir.<\/p>\n<p><strong>K\u0130\u015e\u0130SEL VER\u0130LER\u0130N\u0130Z\u0130N \u0130\u015eLENME AMACI VE HUKUK\u0130 SEBEB\u0130<\/strong><\/p>\n<p>Kimlik, ileti\u015fim, m\u00fc\u015fteri i\u015flem, finans,g\u00f6rsel ve i\u015fitsel kay\u0131tlar,&nbsp;&nbsp; sa\u011fl\u0131k bilgileri kategorilerindeki ki\u015fisel verileriniz KVK Kanunu ve ikincil d\u00fczenlemelere uygun olarak a\u015fa\u011f\u0131da belirtilen ama\u00e7lar ve hukuki sebepler \u00e7er\u00e7evesinde i\u015flenmektedir:<\/p>\n<ul>\n<li>KVK Kanunu\u2019nun 5\/2 (a) maddesinde d\u00fczenlenen \u201ckanunlarda a\u00e7\u0131k\u00e7a \u00f6ng\u00f6r\u00fclmesi\u201d hukuki sebebine dayal\u0131 olarak; ki\u015fisel verileriniz, ba\u015fta Sa\u011fl\u0131k Hizmetleri Temel&nbsp; Kanunu,&nbsp; Ayakta Te\u015fhis ve Tedavi Hizmeti Sunulan \u00d6zel Sa\u011fl\u0131k Kurulu\u015flar\u0131 Hakk\u0131nda Y\u00f6netmelik olmak \u00fczere Sa\u011fl\u0131k Bakanl\u0131\u011f\u0131 mevzuat\u0131, T\u00fcrk Bor\u00e7lar Kanunu, Vergi Usul Kanunu olmak \u00fczere Klini\u011fimizin tabi oldu\u011fu mevzuattan do\u011fan y\u00fck\u00fcml\u00fcl\u00fcklerinin yerine getirilmesi ve haklar\u0131n\u0131n tesisi, yasal beyanname ve bildirimlerin d\u00fczenlenmesi ama\u00e7lar\u0131yla i\u015flenecektir.<\/li>\n<li>KVK Kanunu\u2019nun 5\/2 (c) maddesinde d\u00fczenlenen \u201cs\u00f6zle\u015fmenin kurulmas\u0131 ya da ifas\u0131\u201d hukuki sebebine dayal\u0131 olarak; ki\u015fisel verileriniz, taraf\u0131 oldu\u011funuz s\u00f6zle\u015fmesel ili\u015fkinin kurulmas\u0131 s\u00fcrecinde randevunuzun olu\u015fturulmas\u0131, \u00f6deme ve tahsilat i\u015flemlerinin ger\u00e7ekle\u015ftirilmesi, s\u00f6zle\u015fmenin ifas\u0131 ve s\u00f6zle\u015fmesel y\u00fck\u00fcml\u00fcl\u00fcklerin yerine getirilmesi ve devam\u0131n\u0131n sa\u011flanmas\u0131, s\u00f6zle\u015fmesel ili\u015fkiler kapsam\u0131nda gerekli ileti\u015fimin sa\u011flanmas\u0131, i\u015f stratejilerinin geli\u015ftirilmesi ve uygulanmas\u0131 ama\u00e7lar\u0131yla i\u015flenecektir.<\/li>\n<li>KVK Kanunu\u2019nun 5\/2 (\u00e7) maddesinde d\u00fczenlenen \u201cveri sorumlusunun hukuki y\u00fck\u00fcml\u00fcl\u00fc\u011f\u00fcn\u00fc yerine getirebilmesi\u201d hukuki sebebine dayal\u0131 olarak ki\u015fisel verileriniz; yasal beyanname ve bildirimlerin d\u00fczenlenmesi, Sa\u011fl\u0131k Bakanl\u0131\u011f\u0131 ba\u015fta olmak \u00fczere yetkili kamu kurum ve kurulu\u015flar\u0131na Klinik taraf\u0131ndan ger\u00e7ekle\u015ftirilen hasta kay\u0131t, tedavi ve te\u015fhis&nbsp; prosed\u00fcrlerinin y\u00fcr\u00fct\u00fclmesi kapsam\u0131nda bildirimlerin yap\u0131lmas\u0131, Klini\u011fimizin tabi oldu\u011fu mevzuatta \u00f6ng\u00f6r\u00fclen saklama s\u00fcrelerine uyulmas\u0131 ve ilgili mevzuatta \u00f6ng\u00f6r\u00fclen di\u011fer y\u00fck\u00fcml\u00fcl\u00fcklerin yerine getirilmesi, mahkemeler ve bilgi talep eden kamu kurum ve kurulu\u015flar\u0131n\u0131n taleplerinin ve yasal y\u00fck\u00fcml\u00fcl\u00fcklerin yerine getirilmesi ama\u00e7lar\u0131yla i\u015flenecektir.<\/li>\n<li>KVK Kanunu\u2019nun 5\/2 (e) maddesinde d\u00fczenlenen \u201cbir hakk\u0131n tesisi, kullan\u0131lmas\u0131 veya korunmas\u0131\u201d hukuki sebebine dayal\u0131 olarak; ki\u015fisel verileriniz, olas\u0131 uyu\u015fmazl\u0131klarda ispat vesilesi olmas\u0131, hukuki dan\u0131\u015fmanl\u0131k ve teknik destek al\u0131nabilmesi ama\u00e7lar\u0131yla i\u015flenecektir.<\/li>\n<li>KVK Kanunu\u2019nun 5\/2 (f) maddesinde d\u00fczenlenen \u201cveri sorumlusunun me\u015fru menfaati\u201d hukuki sebebine dayal\u0131 olarak; ki\u015fisel verileriniz, hizmet kalite standartlar\u0131 s\u00fcre\u00e7lerinin y\u00fcr\u00fct\u00fclmesi, Klinik i\u00e7i operasyonel faaliyetlerin ger\u00e7ekle\u015ftirilmesi, ticari g\u00fcvenli\u011fin sa\u011flanmas\u0131, veri yedekleme ve verilerin g\u00fcvenli bir \u015fekilde depolanmas\u0131 ama\u00e7lar\u0131yla i\u015flenebilecektir.<\/li>\n<li>KVK Kanunu\u2019nun 6\/3 maddesinde d\u00fczenlenen sa\u011fl\u0131k verilerinin i\u015flenmesi hukuki sebebine dayal\u0131 olarak; sa\u011fl\u0131k bilgileriniz, kamu sa\u011fl\u0131\u011f\u0131n\u0131n korunmas\u0131, koruyucu hekimlik, t\u0131bbi te\u015fhis, tedavi ve bak\u0131m hizmetlerinin y\u00fcr\u00fct\u00fclmesi, sa\u011fl\u0131k hizmetleri ile finansman\u0131n\u0131n planlanmas\u0131 ve y\u00f6netimi kapsam\u0131nda talep etmi\u015f oldu\u011funuz randevunun olu\u015fturulmas\u0131, hastal\u0131klar\u0131n te\u015fhis ve tedavi s\u00fcre\u00e7lerinin y\u00fcr\u00fct\u00fclmesi, tedavi planlamalar\u0131n\u0131n haz\u0131rlanmas\u0131, tedavilerinize y\u00f6nelik operasyonlar\u0131n ger\u00e7ekle\u015ftirilmesi, hizmetlerimizin sizlere sunulmas\u0131 ama\u00e7lar\u0131yla s\u0131r saklama y\u00fck\u00fcml\u00fcl\u00fc\u011f\u00fc alt\u0131nda bulunan ki\u015filerce a\u00e7\u0131k r\u0131zan\u0131z olmaks\u0131z\u0131n i\u015flenebilecektir.<\/li>\n<\/ul>\n<p><strong><br><\/strong><\/p>\n<p><strong>K\u0130\u015e\u0130SEL VER\u0130 TOPLAMANIN Y\u00d6NTEM\u0130<\/strong><\/p>\n<p>Ki\u015fisel verileriniz Klini\u011fimiz taraf\u0131ndan farkl\u0131 kanallarla fiziki ya da elektronik ortamda bizzat sizlerden ya da sizlerin Klini\u011fimize iletilmesi amac\u0131yla a\u00e7\u0131klad\u0131\u011f\u0131n\u0131z \u00fc\u00e7\u00fcnc\u00fc ki\u015filerden toplamaktad\u0131r.<\/p>\n<p><strong>K\u0130\u015e\u0130SEL VER\u0130LER\u0130N\u0130Z\u0130N AKTARILMASI<\/strong><\/p>\n<p>Toplanan ki\u015fisel verileriniz, KVK Kanunu\u2019nun 8. ve 9. maddelerinde d\u00fczenlenen ki\u015fisel verileri i\u015fleme \u015fartlar\u0131 \u00e7er\u00e7evesinde aktar\u0131labilecektir.<\/p>\n<ul>\n<li>KVK Kanunu\u2019nun 5\/2 (a) maddesinde d\u00fczenlenen \u201ckanunlarda a\u00e7\u0131k\u00e7a \u00f6ng\u00f6r\u00fclmesi\u201d hukuki sebebine dayal\u0131 olarak; ki\u015fisel verileriniz, ba\u015fta Sa\u011fl\u0131k Hizmetleri Temel Kanunu,&nbsp; Ayakta Te\u015fhis ve Tedavi Hizmeti Sunulan \u00d6zel Sa\u011fl\u0131k Kurulu\u015flar\u0131 Hakk\u0131nda Y\u00f6netmelik olmak \u00fczere Sa\u011fl\u0131k Bakanl\u0131\u011f\u0131 mevzuat\u0131, T\u00fcrk Bor\u00e7lar Kanunu ve Vergi Usul Kanunu olmak \u00fczere Klini\u011fimizin tabi oldu\u011fu mevzuattan do\u011fan y\u00fck\u00fcml\u00fcl\u00fcklerinin yerine getirilmesi ve haklar\u0131n\u0131n tesisi, yasal beyanname ve bildirimlerin d\u00fczenlenmesi ama\u00e7lar\u0131yla mali m\u00fc\u015favire, Sa\u011fl\u0131k Bakanl\u0131\u011f\u0131\u2019na, Gelir \u0130daresi Ba\u015fkanl\u0131\u011f\u0131na ve di\u011fer yetkili kamu kurum ve kurulu\u015flar\u0131na aktar\u0131labilecektir.<\/li>\n<li>KVK Kanunu\u2019nun 5\/2 (c) maddesinde d\u00fczenlenen \u201cs\u00f6zle\u015fmenin kurulmas\u0131 ve ifas\u0131\u201d hukuki sebebine dayal\u0131 olarak; ki\u015fisel verileriniz, \u00f6deme ve tahsilat i\u015flemleri i\u00e7in anla\u015fmal\u0131 bankalara aktar\u0131labilecektir.<\/li>\n<li>KVK Kanunu\u2019nun 5\/2 (\u00e7) maddesinde d\u00fczenlenen \u201chukuki y\u00fck\u00fcml\u00fcl\u00fc\u011f\u00fcn\u00fc yerine getirilebilmesi i\u00e7in veri i\u015flemenin zorunlu olmas\u0131\u201d veri i\u015fleme \u015fart\u0131na dayal\u0131 olarak; ki\u015fisel verileriniz, yasal beyanname ve bildirimlerin d\u00fczenlenmesi, hasta kay\u0131t, tedavi ve te\u015fhis prosed\u00fcrlerinin y\u00fcr\u00fct\u00fclmesi kapsam\u0131nda bildirimlerin yap\u0131lmas\u0131, mahkemeler ve bilgi talep eden kamu kurum ve kurulu\u015flar\u0131n\u0131n taleplerinin ve yasal y\u00fck\u00fcml\u00fcl\u00fcklerin yerine getirilmesi ama\u00e7lar\u0131yla Sa\u011fl\u0131k Bakanl\u0131\u011f\u0131 ba\u015fta olmak \u00fczere yetkili kamu kurum ve kurulu\u015flar\u0131na aktar\u0131labilecektir.<\/li>\n<li>KVK Kanunu\u2019nun 5\/2 (e) maddesinde d\u00fczenlenen \u201cbir hakk\u0131n tesisi, kullan\u0131lmas\u0131 veya korunmas\u0131 i\u00e7in\u201d veri i\u015fleme \u015fart\u0131na dayal\u0131 olarak; ki\u015fisel verileriniz, olas\u0131 uyu\u015fmazl\u0131klarda ispat vesilesi olmas\u0131, hukuki dan\u0131\u015fmanl\u0131k ve teknik destek al\u0131nabilmesi, hukuk b\u00fcrolar\u0131 ve di\u011fer dan\u0131\u015fmanlara aktar\u0131labilecektir.<\/li>\n<li>KVK Kanunu\u2019nun 5\/2 (f) maddesinde d\u00fczenlenen \u201cveri sorumlusunun me\u015fru menfaati\u201d hukuki sebebine dayal\u0131 olarak; ki\u015fisel verileriniz, taraf\u0131n\u0131zla ileti\u015fimin sa\u011flanmas\u0131, e-posta hizmetlerinden yararlan\u0131lmas\u0131 amac\u0131yla yurt i\u00e7i hizmet sa\u011flay\u0131c\u0131lar\u0131na aktar\u0131labilecektir.<\/li>\n<li>KVK Kanunu\u2019nun 6\/3 maddesinde d\u00fczenlenen sa\u011fl\u0131k verilerinin i\u015flenmesi hukuki sebebine dayal\u0131 olarak; \u00f6zel nitelikli ki\u015fisel verileriniz, kamu sa\u011fl\u0131\u011f\u0131n\u0131n korunmas\u0131, koruyucu hekimlik, t\u0131bbi te\u015fhis, tedavi ve bak\u0131m hizmetlerinin y\u00fcr\u00fct\u00fclmesi, sa\u011fl\u0131k hizmetleri ile finansman\u0131n\u0131n planlanmas\u0131 ve y\u00f6netimi kapsam\u0131nda hastal\u0131klar\u0131n te\u015fhis ve tedavi s\u00fcre\u00e7lerinin y\u00fcr\u00fct\u00fclmesi, tedavilerinize y\u00f6nelik operasyonlar\u0131n ger\u00e7ekle\u015ftirilmesi, tedavi planlamas\u0131n\u0131n yap\u0131lmas\u0131, hizmetlerimizin sizlere sunulmas\u0131 ama\u00e7lar\u0131yla s\u0131r saklama y\u00fck\u00fcml\u00fcl\u00fc\u011f\u00fc alt\u0131nda bulunan ki\u015filere, yetkili kamu kurum ve kurulu\u015flar\u0131na aktar\u0131labilecektir.<\/li>\n<li>KVK Kanunu\u2019nun 6\/2 maddesinde d\u00fczenlenen \u201ca\u00e7\u0131k r\u0131za\u201d hukuki sebebine dayal\u0131 olarak; \u00f6zel nitelikli ki\u015fisel verileriniz, hasta kayd\u0131n\u0131z\u0131n elektronik ortamda olu\u015fturulmas\u0131 ve takibinin yap\u0131lmas\u0131, te\u015fhis ve tedavi bilgileri, tedaviye y\u00f6nelik operasyon bilgileri ve t\u0131bbi i\u015flem bilgilerinin kaydedilmesi, elektronik veri depolama, yedekleme hizmetleri veya sistemlerinin sa\u011flanmas\u0131 ama\u00e7lar\u0131yla veri i\u015fleyen konumundaki hasta takip program\u0131 yurt i\u00e7i hizmet sa\u011flay\u0131c\u0131lar\u0131na aktar\u0131labilecektir. Bu hizmet sa\u011flay\u0131c\u0131lar\u0131, ki\u015fisel verilerinizi ba\u015fka herhangi bir ama\u00e7la saklama veya kullanma yetkisine sahip de\u011fildir ve ki\u015fisel verilerinizi her zaman g\u00fcvenli ve gizli tutma y\u00fck\u00fcml\u00fcl\u00fc\u011f\u00fc alt\u0131nda olacaklard\u0131r.<\/li>\n<li>KVK Kanunu\u2019nun 8\/1. maddesinde d\u00fczenlenen \u201ca\u00e7\u0131k r\u0131za\u201d veri i\u015fleme \u015fart\u0131na dayal\u0131 olarak; gerekli hallerde \u00f6zel nitelikli ki\u015fisel verileriniz, ileti\u015fim faaliyetlerinin y\u00fcr\u00fct\u00fclmesi, e-posta hizmetlerinden yararlan\u0131lmas\u0131 ama\u00e7lar\u0131yla yurt i\u00e7inde bulunan hizmet sa\u011flay\u0131c\u0131lara aktar\u0131labilecektir.<\/li>\n<li>KVK Kanunu\u2019nun 9\/1 maddesinde d\u00fczenlenen \u201ca\u00e7\u0131k r\u0131za\u201d hukuki sebebine dayal\u0131 olarak; \u00f6zel nitelikli ki\u015fisel verileriniz, hasta kayd\u0131n\u0131z\u0131n elektronik ortamda olu\u015fturulmas\u0131 ve takibinin yap\u0131lmas\u0131, te\u015fhis ve tedavi bilgileri, tedaviye y\u00f6nelik operasyon bilgileri ve t\u0131bbi i\u015flem bilgilerinin kaydedilmesi, elektronik veri depolama, yedekleme hizmetleri veya sistemlerinin sa\u011flanmas\u0131 ama\u00e7lar\u0131yla veri i\u015fleyen konumundaki hasta takip program\u0131 hizmet sa\u011flay\u0131c\u0131lar\u0131na aktar\u0131labilecektir. Bu hizmet sa\u011flay\u0131c\u0131lar\u0131, ki\u015fisel verilerinizi ba\u015fka herhangi bir ama\u00e7la saklama veya kullanma yetkisine sahip de\u011fildir ve ki\u015fisel verilerinizi her zaman g\u00fcvenli ve gizli tutma y\u00fck\u00fcml\u00fcl\u00fc\u011f\u00fc alt\u0131nda olacaklard\u0131r.<\/li>\n<li>KVK Kanunu\u2019nun 9\/1. maddesinde d\u00fczenlenen \u201ca\u00e7\u0131k r\u0131za\u201d veri i\u015fleme \u015fart\u0131na dayal\u0131 olarak ki\u015fisel verileriniz, ileti\u015fim faaliyetlerinin y\u00fcr\u00fct\u00fclmesi, saklama ve ar\u015fiv s\u00fcre\u00e7lerinin y\u00fcr\u00fct\u00fclmesi, kurumsal e-posta hizmetlerinin sa\u011flanmas\u0131, elektronik veya fiziksel veri depolama, yedekleme hizmetleri veya sistemleri sa\u011flamak ama\u00e7lar\u0131yla sunucular\u0131 yurt d\u0131\u015f\u0131nda bulunan hizmet sa\u011flay\u0131c\u0131lara (Google, Microsoft, Yahoo vb.) aktar\u0131labilecektir.<\/li>\n<li>KVK Kanunu\u2019nun 9\/1. maddesinde d\u00fczenlenen \u201ca\u00e7\u0131k r\u0131za\u201d veri i\u015fleme \u015fart\u0131na dayan\u0131larak; ki\u015fisel verileriniz, ileti\u015fim faaliyetlerinin y\u00fcr\u00fct\u00fclmesi amac\u0131yla yurt d\u0131\u015f\u0131 men\u015feli haberle\u015fme kanallar\u0131na (Whatsapp, telegram vb.) aktar\u0131labilecektir. \u00d6nemle belirtmek isteriz ki, Klini\u011fimiz ile sunucular\u0131 yurt d\u0131\u015f\u0131nda bulunan Whatsapp, telegram vb. uygulamalarla ileti\u015fime ge\u00e7meniz halinde ki\u015fisel verilerinizin yurt d\u0131\u015f\u0131na aktar\u0131laca\u011f\u0131n\u0131 bildi\u011finiz varsay\u0131l\u0131r. Ki\u015fisel verileriniz, Klini\u011fimiz ile ileti\u015fime ge\u00e7ti\u011finiz uygulama i\u00e7erisinde saklanmamaktad\u0131r. Daha fazla bilgi i\u00e7in Whatsapp, telegram vb. uygulamalar\u0131n&nbsp; gizlilik politikas\u0131n\u0131 okuyabilirsiniz.<\/li>\n<li>KVK Kanunu\u2019nun 9\/1. maddesinde d\u00fczenlenen \u201ca\u00e7\u0131k r\u0131za\u201d veri i\u015fleme \u015fart\u0131na dayal\u0131 olarak gerekli hallerde \u00f6zel nitelikli ki\u015fisel verileriniz, ileti\u015fim faaliyetlerinin y\u00fcr\u00fct\u00fclmesi, saklama ve ar\u015fiv s\u00fcre\u00e7lerinin y\u00fcr\u00fct\u00fclmesi, kurumsal e-posta hizmetlerinin sa\u011flanmas\u0131, elektronik veya fiziksel veri depolama, yedekleme hizmetleri veya sistemleri sa\u011flamak ama\u00e7lar\u0131yla sunucular\u0131 yurt d\u0131\u015f\u0131nda bulunan hizmet sa\u011flay\u0131c\u0131lara (Google, Microsoft, Yahoo vb.) aktar\u0131labilecektir.<\/li>\n<\/ul>\n<p><strong><br><\/strong><\/p>\n<p><strong>K\u0130\u015e\u0130SEL VER\u0130LER\u0130N\u0130Z\u0130N SAKLANMASI<\/strong><\/p>\n<p>Ki\u015fisel verileriniz, KVK Kanunu\u2019nun 5.&nbsp; ve 6. maddelerinde belirtilen veri i\u015fleme \u015fartlar\u0131ndan birine dayal\u0131 olarak ve KVK Kanunu\u2019nun 4. maddesinde belirtilen genel ilkelere uygun \u015fekilde, \u00f6zellikle ilgili mevzuatta \u00f6ng\u00f6r\u00fclen ya da ama\u00e7 i\u00e7in gerekli olan s\u00fcre boyunca, KVK Kanunu\u2019nun 7. maddesine g\u00f6re d\u00fczenlenen Saklama ve \u0130mha Politikas\u0131\u2019nda belirtilen s\u00fcreler dikkate al\u0131narak saklan\u0131r ve imha s\u00fcresi i\u00e7inde imha edilir.<\/p>\n<p><strong>K\u0130\u015e\u0130SEL VER\u0130LER\u0130N\u0130Z \u00dcZER\u0130NDEK\u0130 HAKLARINIZ<\/strong><\/p>\n<p><strong>Ki\u015fisel veri sahibi olarak:<\/strong><\/p>\n<ul>\n<li>Ki\u015fisel verilerinizin i\u015flenip i\u015flenmedi\u011fini \u00f6\u011frenme,<\/li>\n<li>Ki\u015fisel verileriniz i\u015flenmi\u015fse buna ili\u015fkin bilgi talep etme,<\/li>\n<li>Ki\u015fisel verilerinizin i\u015flenme amac\u0131n\u0131 ve bunlar\u0131n amac\u0131na uygun kullan\u0131l\u0131p kullan\u0131lmad\u0131\u011f\u0131n\u0131 \u00f6\u011frenme,<\/li>\n<li>Yurt i\u00e7inde veya yurt d\u0131\u015f\u0131nda ki\u015fisel verilerinizin aktar\u0131ld\u0131\u011f\u0131 \u00fc\u00e7\u00fcnc\u00fc ki\u015fileri bilme,<\/li>\n<li>Ki\u015fisel verilerinizin eksik veya yanl\u0131\u015f i\u015flenmi\u015f olmas\u0131 h\u00e2linde bunlar\u0131n d\u00fczeltilmesini isteme ve bu kapsamda yap\u0131lan i\u015flemin ki\u015fisel verilerinizin aktar\u0131ld\u0131\u011f\u0131 \u00fc\u00e7\u00fcnc\u00fc ki\u015filere bildirilmesini isteme,<\/li>\n<li>6698 say\u0131l\u0131 Kanun ve ilgili di\u011fer kanun h\u00fck\u00fcmlerine uygun olarak i\u015flenmi\u015f olmas\u0131na ra\u011fmen, i\u015flenmesini gerektiren sebeplerin ortadan kalkmas\u0131 h\u00e2linde ki\u015fisel verilerinizin silinmesini veya yok edilmesini isteme ve bu kapsamda yap\u0131lan i\u015flemin ki\u015fisel verilerinizin aktar\u0131ld\u0131\u011f\u0131 \u00fc\u00e7\u00fcnc\u00fc ki\u015filere bildirilmesini isteme,<\/li>\n<li>\u0130\u015flenen verilerin m\u00fcnhas\u0131ran otomatik sistemler vas\u0131tas\u0131yla analiz edilmesi suretiyle aleyhinize bir sonucun ortaya \u00e7\u0131kmas\u0131na itiraz etme,<\/li>\n<li>Ki\u015fisel verilerin kanuna ayk\u0131r\u0131 olarak i\u015flenmesi sebebiyle zarara u\u011framas\u0131 h\u00e2linde zarar\u0131n giderilmesini talep etme haklar\u0131na sahipsiniz.<\/li>\n<\/ul>\n<p><strong><br><\/strong><\/p><p><strong>VER\u0130 SORUMLUSUNA BA\u015eVURU<\/strong><\/p>\n<p><a href=\"https:\/\/www.resmigazete.gov.tr\/eskiler\/2018\/03\/20180310-6.htm\">Ki\u015fisel veri sahipleri olarak, haklar\u0131n\u0131za ili\u015fkin taleplerinizi KVK Kanunu\u2019nun 13. maddesinin 1. f\u0131kras\u0131 gere\u011fince yaz\u0131l\u0131 veya<\/a><a href=\"https:\/\/www.resmigazete.gov.tr\/eskiler\/2018\/03\/20180310-6.htm\">Veri Sorumlusun<\/a> <u>&nbsp;&nbsp;&nbsp;&nbsp;&nbsp;&nbsp;&nbsp;&nbsp;&nbsp;&nbsp;&nbsp;&nbsp;&nbsp;&nbsp;&nbsp;&nbsp;&nbsp;&nbsp;&nbsp;&nbsp;&nbsp;&nbsp;&nbsp;&nbsp;&nbsp;&nbsp;&nbsp;&nbsp;&nbsp;&nbsp;&nbsp;&nbsp;&nbsp;&nbsp;&nbsp;&nbsp;&nbsp;&nbsp;&nbsp;&nbsp;&nbsp;&nbsp;&nbsp;&nbsp;&nbsp;&nbsp;&nbsp;&nbsp;&nbsp;&nbsp;&nbsp;&nbsp;&nbsp;&nbsp;&nbsp;&nbsp;&nbsp;&nbsp;&nbsp;&nbsp;&nbsp;&nbsp;&nbsp;&nbsp;&nbsp;&nbsp;&nbsp;&nbsp;&nbsp;&nbsp;&nbsp;&nbsp;&nbsp;&nbsp;&nbsp;&nbsp;&nbsp;&nbsp;&nbsp;&nbsp;&nbsp;&nbsp;&nbsp;&nbsp;&nbsp;&nbsp;&nbsp;&nbsp;&nbsp;&nbsp;&nbsp;&nbsp;&nbsp;&nbsp;&nbsp;&nbsp;&nbsp;&nbsp;&nbsp;&nbsp;&nbsp;&nbsp;&nbsp;&nbsp;&nbsp;&nbsp;&nbsp;&nbsp;&nbsp;&nbsp;&nbsp;&nbsp;&nbsp;&nbsp;&nbsp;&nbsp;&nbsp;&nbsp;&nbsp;&nbsp;&nbsp;&nbsp;&nbsp;&nbsp;&nbsp;&nbsp;&nbsp;&nbsp;&nbsp;&nbsp;&nbsp; <\/u><a href=\"https:\/\/www.resmigazete.gov.tr\/eskiler\/2018\/03\/20180310-6.htm\">a<\/a><\/p>\n<p><a href=\"https:\/\/www.resmigazete.gov.tr\/eskiler\/2018\/03\/20180310-6.htm\">Ba\u015fvuru Usul ve Esaslar\u0131 Hakk\u0131nda Tebli<\/a><a href=\"https:\/\/www.resmigazete.gov.tr\/eskiler\/2018\/03\/20180310-6.htm\">\u011f<\/a><a href=\"https:\/\/www.resmigazete.gov.tr\/eskiler\/2018\/03\/20180310-6.htm\">\u2019de (https:\/\/www.resmigazete.gov.tr\/eskiler\/2018\/03\/20180310-6.htm) d\u00fczenlenen y\u00f6ntemlerle<\/a><\/p>\n<p>Klini\u011fimize iletmeniz durumunda Klini\u011fimiz, talebin niteli\u011fine g\u00f6re talebi en k\u0131sa s\u00fcrede ve en ge\u00e7 otuz g\u00fcn i\u00e7inde \u00fccretsiz olarak sonu\u00e7land\u0131racakt\u0131r. Ancak, i\u015flemin ayr\u0131ca bir maliyeti gerektirmesi h\u00e2linde, Klinik taraf\u0131ndan Ki\u015fisel Verileri Koruma Kurumu taraf\u0131ndan belirlenen tarifedeki \u00fccret al\u0131nacakt\u0131r.<\/p>\n<p>Yukar\u0131da belirtilen haklar\u0131n\u0131z\u0131 kullanmak i\u00e7in kimli\u011finizi tespit edici gerekli bilgiler ile birlikte KVK Kanunu\u2019nun 11. maddesinde belirtilen haklardan kullanmay\u0131 talep etti\u011finiz hakk\u0131n\u0131za y\u00f6nelik a\u00e7\u0131klamalar\u0131n\u0131z\u0131 i\u00e7eren talebinizi; internet sitemizdeki ba\u015fvuru formunu doldurarak bas\u0131l\u0131 halde imzal\u0131 bir n\u00fcshas\u0131n\u0131 adresimize g\u00f6nderebilir, bizzat elden iletebilir, noter kanal\u0131yla veya ilgili formu KEP adresimize g\u00fcvenli elektronik imzal\u0131 olarak iletebilirsiniz.<\/p>\n<p>\u0130leti\u015fim bilgileri a\u015fa\u011f\u0131daki gibidir:<\/p>\n<p><strong>Dr. Taylan G\u00fcn<\/strong><\/p>\n<p><strong>Adres:<\/strong> Hospital Liv Hospital Ankara<br>Bestekar SK. No: 8 Cankaya \/ Ankara<\/p>\n<p><strong>Telefon:<\/strong> +90 (532) 343 50 19<\/p>\n<p><strong>E-posta:<\/strong> bilgi@@taylangun.com<\/p>\n<p><strong>KEP Adresi:<\/strong><\/p>\n<p><\/p>\n<p><strong>K\u0130\u015e\u0130SEL VER\u0130LER\u0130N \u0130\u015eLENMES\u0130 HASTA A\u00c7IK RIZA BEYANI<\/strong><\/p>\n<p>Ki\u015fisel verilerimin ve \u00f6zel nitelikli ki\u015fisel verilerimin, 6698 say\u0131l\u0131 Ki\u015fisel Verileri Koruma Kanunu (KVK Kanunu) ve taraf\u0131ma sunulan ayd\u0131nlatma metni kapsam\u0131nda Dr. Taylan G\u00fcn &nbsp;(\u201cKlinik\u201d) taraf\u0131ndan;<\/p>\n<ul>\n<li>Ki\u015fisel verilerimin, ileti\u015fim faaliyetlerinin y\u00fcr\u00fct\u00fclmesi, saklama ve ar\u015fiv s\u00fcre\u00e7lerinin y\u00fcr\u00fct\u00fclmesi, kurumsal e-posta hizmetlerinin sa\u011flanmas\u0131,elektronik veya fiziksel veri depolama, yedekleme hizmetleri veya sistemleri sa\u011flamak ama\u00e7lar\u0131yla sunucular\u0131 yurt d\u0131\u015f\u0131nda bulunan hizmet sa\u011flay\u0131c\u0131lara aktar\u0131lmas\u0131n\u0131 onayl\u0131yorum.<\/li>\n<li>Ki\u015fisel verilerimin, ileti\u015fim faaliyetlerinin y\u00fcr\u00fct\u00fclmesi amac\u0131yla yurt d\u0131\u015f\u0131 men\u015feli haberle\u015fme kanallar\u0131na (Whatsapp, telegram vb.) aktar\u0131lmas\u0131n\u0131 onayl\u0131yorum.<\/li>\n<li>Gerekli hallerde \u00f6zel nitelikli ki\u015fisel verilerimin, ileti\u015fim faaliyetlerinin y\u00fcr\u00fct\u00fclmesi, saklama ve ar\u015fiv s\u00fcre\u00e7lerinin y\u00fcr\u00fct\u00fclmesi, kurumsal e-postahizmetlerinin sa\u011flanmas\u0131, elektronik veya fiziksel veri depolama, yedekleme hizmetleri veya sistemleri sa\u011flamak ama\u00e7lar\u0131yla sunucular\u0131 yurt d\u0131\u015f\u0131nda bulunan hizmet sa\u011flay\u0131c\u0131lara aktar\u0131lmas\u0131n\u0131 onayl\u0131yorum.<\/li>\n<li>\u00d6zel nitelikli ki\u015fisel verilerimin, hasta kayd\u0131m\u0131n elektronik ortamda olu\u015fturulmas\u0131 ve takibinin yap\u0131lmas\u0131, te\u015fhis ve tedavi bilgileri, tedaviyey\u00f6nelik operasyon bilgileri ve t\u0131bbi i\u015flem bilgilerinin kaydedilmesi, elektronik veri depolama, yedekleme hizmetleri veya sistemlerinin sa\u011flanmas\u0131 ama\u00e7lar\u0131yla veri i\u015fleyen konumundaki hasta takip program\u0131 yurt i\u00e7i hizmet sa\u011flay\u0131c\u0131lar\u0131na aktar\u0131lmas\u0131n\u0131 onayl\u0131yorum.<\/li>\n<\/ul>\n<p><strong><br><\/strong><\/p><p><strong>Ad Soyad:<\/strong><\/p>\n<p><strong>Tarih:<\/strong><\/p>\n<p><strong>\u0130mza:<\/strong><\/p>\n<p><\/p>\n<p>\u0130\u015fbu A\u00e7\u0131k R\u0131za metninde ifade edilen s\u00fcre\u00e7ler kapsam\u0131nda ki\u015fisel verileriniz 6698 say\u0131l\u0131 Kanun\u2019un m.5\/1 ve m.6\/2 h\u00fck\u00fcmlerinde d\u00fczenlenen \u201ca\u00e7\u0131k r\u0131za\u201d hukuki sebebine dayal\u0131 olarak i\u015flenecektir. Klini\u011fimize ba\u015fvurarak ki\u015fisel verilerinizin i\u015flenmesine ili\u015fkin verdi\u011finiz a\u00e7\u0131k r\u0131zay\u0131 her zaman geri \u00e7ekme hakk\u0131n\u0131z bulunmaktad\u0131r.<\/p>\n<p><br><\/p>\n<p><\/p>\t\t\t\t\t\t\t\t<\/div>\n\t\t\t\t<\/div>\n\t\t\t\t\t<\/div>\n\t\t<\/div>\n\t\t\t\t\t<\/div>\n\t\t<\/section>\n\t\t\t\t<\/div>","protected":false},"excerpt":{"rendered":"<p>Yasal Bilgilendirme K\u0130\u015e\u0130SEL VER\u0130LER\u0130N \u0130\u015eLENMES\u0130 AYDINLATMA METN\u0130 VER\u0130 SORUMLUSUNUN K\u0130ML\u0130\u011e\u0130 6698 say\u0131l\u0131 Ki\u015fisel Verilerin Korunmas\u0131 Kanunu\u2019nu (\u201cKVK Kanunu\u201d) uyar\u0131nca, \u201cVeri Sorumlusu\u201d s\u0131fat\u0131na sahip Dr. Taylan G\u00fcn\u00a0 (\u201cKlinik\u201d) taraf\u0131ndan ki\u015fisel verileriniz, a\u015fa\u011f\u0131da a\u00e7\u0131klanan kapsamda i\u015flenebilecektir. K\u0130\u015e\u0130SEL VER\u0130LER\u0130N\u0130Z\u0130N \u0130\u015eLENME AMACI VE HUKUK\u0130 SEBEB\u0130 Kimlik, ileti\u015fim, m\u00fc\u015fteri i\u015flem, finans,g\u00f6rsel ve i\u015fitsel kay\u0131tlar,\u00a0\u00a0 sa\u011fl\u0131k bilgileri kategorilerindeki ki\u015fisel verileriniz KVK [&hellip;]<\/p>","protected":false},"author":2,"featured_media":0,"parent":0,"menu_order":0,"comment_status":"closed","ping_status":"closed","template":"","meta":{"footnotes":""},"class_list":["post-273","page","type-page","status-publish","hentry"],"_links":{"self":[{"href":"https:\/\/taylangun.com\/en\/wp-json\/wp\/v2\/pages\/273","targetHints":{"allow":["GET"]}}],"collection":[{"href":"https:\/\/taylangun.com\/en\/wp-json\/wp\/v2\/pages"}],"about":[{"href":"https:\/\/taylangun.com\/en\/wp-json\/wp\/v2\/types\/page"}],"author":[{"embeddable":true,"href":"https:\/\/taylangun.com\/en\/wp-json\/wp\/v2\/users\/2"}],"replies":[{"embeddable":true,"href":"https:\/\/taylangun.com\/en\/wp-json\/wp\/v2\/comments?post=273"}],"version-history":[{"count":7,"href":"https:\/\/taylangun.com\/en\/wp-json\/wp\/v2\/pages\/273\/revisions"}],"predecessor-version":[{"id":503,"href":"https:\/\/taylangun.com\/en\/wp-json\/wp\/v2\/pages\/273\/revisions\/503"}],"wp:attachment":[{"href":"https:\/\/taylangun.com\/en\/wp-json\/wp\/v2\/media?parent=273"}],"curies":[{"name":"wp","href":"https:\/\/api.w.org\/{rel}","templated":true}]}}